{"id":854,"date":"2025-09-30T14:36:07","date_gmt":"2025-09-30T14:36:07","guid":{"rendered":"https:\/\/talat.es\/avis-legal-politica-de-privadesa\/"},"modified":"2026-03-10T12:42:07","modified_gmt":"2026-03-10T12:42:07","slug":"aviso-legal","status":"publish","type":"page","link":"https:\/\/talat.es\/es\/aviso-legal\/","title":{"rendered":"Pol\u00edtica de Privacidad"},"content":{"rendered":"<p>&nbsp;<\/p>\n<p>El Titular se compromete a cumplir con la normativa en materia de Protecci\u00f3n de Datos de car\u00e1cter personal y a respetar la privacidad de los Usuarios. El objetivo es ofrecer el mejor servicio al Usuario y para ello es necesario tratar sus datos personales. El Usuario s\u00f3lo podr\u00e1 incluir datos personales propios, y en ning\u00fan caso de otra persona de la que no tenga un consentimiento expreso, siendo el \u00fanico responsable en caso de hacerlo.<\/p>\n<h5><\/h5>\n<ol>\n<li>\n<h5><u> Responsables del Tratamiento<\/u><\/h5>\n<\/li>\n<\/ol>\n<p>FULL FACILITY SERVICES 2011 S.L., con NIF: B57723710 con domicilio en C\/ Sa Coma, n\u00ba 2, 1\u00ba C. 07.500. Manacor. Islas Baleares; AUMAGUI 2018 S.L. con NIF: B16580813 y con domicilio en C\/ Sa Coma, n\u00ba 2, 1\u00ba C. 07.500. Manacor. Islas Baleares; ESTUDIS EFICIENTS D\u2019 ENGINYERIA 2009 S.L. con NIF: B57606527 y con domicilio en C\/ Sa Coma, n\u00ba 2, 1\u00ba C. 07.500. Manacor. Islas Baleares; TALAT CONTRACT S.L.U. con NIF:\u00a0 B42901520 y con domicilio en C\/ Sa Coma, n\u00ba 2, 1\u00ba C. 07.500. Manacor. Islas Baleares y TALAT SERVICIOS S.L.U. con NIF: B42901488 y con domicilio en C\/ Sa Coma, n\u00ba 2, 1\u00ba C. 07.500. Manacor. Islas Baleares.<\/p>\n<p>Tel\u00e9fono: 971559031<\/p>\n<p>&nbsp;<\/p>\n<ol start=\"2\">\n<li>\n<h5><u> Finalidades y legitimaci\u00f3n<\/u><\/h5>\n<\/li>\n<\/ol>\n<p><u>Atenci\u00f3n de consultas<\/u>: Atender las consultas del Usuario que se ponga en contacto a trav\u00e9s de los Formularios o herramientas de comunicaci\u00f3n disponibles en el Sitio Web<strong>.<\/strong> La base leg\u00edtima del tratamiento es el consentimiento del Usuario, conforme al art. 6.1.a) del RGPD.<\/p>\n<p><u>Comentarios<\/u>: Gesti\u00f3n de comentarios realizados por el Usuario registrado a trav\u00e9s del Blog. La base leg\u00edtima del tratamiento es el consentimiento del Usuario, conforme al art. 6.1.a) del RGPD.<\/p>\n<p><u>RRHH<\/u>: Gestionar el Curr\u00edculum del Usuario que cumplimente el Formulario como demandante de empleo. La base leg\u00edtima del tratamiento es el consentimiento del Usuario, conforme al art. 6.1.a) del RGPD.<\/p>\n<p><u>Datos de navegaci\u00f3n<\/u>: Datos recogidos por las cookies propias o de terceros que puedan ser generadas por este Sitio Web habiendo sido informado el Usuario y acept\u00e1ndolas. La base leg\u00edtima del tratamiento es el consentimiento del Usuario, conforme al art. 6.1.a) del RGPD.<\/p>\n<p>Los datos tratados con esta finalidad son: los recopilados por las cookies generadas en el Sitio Web, seg\u00fan las finalidades de \u00e9stas. Para m\u00e1s informaci\u00f3n puede consultar nuestra Pol\u00edtica de Cookies o modificar la elecci\u00f3n de sus preferencias en nuestra herramienta de gesti\u00f3n de cookies.<\/p>\n<p>El Titular no ser\u00e1 responsable del tratamiento de la informaci\u00f3n recogida por las cookies de terceros gestores de publicidad, ni tendr\u00e1 acceso a los datos recabados por \u00e9stos. El Titular informa que estos terceros tratar\u00e1n los datos con sus propios fines en funci\u00f3n de cada tipolog\u00eda de cookies y pueden a su vez ceder la informaci\u00f3n a otros prestadores de servicios o tratar los datos en combinaci\u00f3n con datos recabados en otros sitios web por estos u otros editores para prestar los servicios que cada uno de ellos le encomienda.<\/p>\n<p><u>Canal de sugerencias\/denuncias<\/u>: Datos recogidos en el formulario de Canal de sugerencias\/denuncias, tanto del denunciante como de terceros afectados, necesarios para la gesti\u00f3n del sistema de sugerencias o denuncias internas de la entidad. Las personas que usen este canal pueden identificarse o no, de forma voluntaria. La base leg\u00edtima del tratamiento es el consentimiento del Usuario, conforme al art. 6.1.a) del RGPD, y, en el caso de los datos de terceros facilitados en el Canal de denuncias, ser\u00e1 la existencia de un inter\u00e9s p\u00fablico, conforme al art. 6.1.e) del RGPD.<\/p>\n<p><u>Comunicaciones comerciales<\/u>: Para el Usuario que voluntariamente acepte esta opci\u00f3n, se les remitir\u00e1n promociones, publicidad, ofertas, noticias, invitaci\u00f3n a eventos y cualquier tipo de informaci\u00f3n comercial del Titular o de las sociedades que forman el GRUPO TALAT. La base leg\u00edtima del tratamiento es el consentimiento del Usuario, conforme al art. 6.1.a) del RGPD.<\/p>\n<p>En todo caso, el Usuario puede posteriormente en cualquier momento oponerse a la recepci\u00f3n de comunicaciones comerciales enviando email a <a href=\"mailto:info@talat.es\">info@talat.es<\/a> desde la misma cuenta en la que se reciban las comunicaciones.<\/p>\n<p>&nbsp;<\/p>\n<ol start=\"3\">\n<li>\n<h5><u> Plazo de conservaci\u00f3n<\/u><\/h5>\n<\/li>\n<\/ol>\n<p>Los datos se conservar\u00e1n mientras se mantenga la relaci\u00f3n y no se solicite su supresi\u00f3n y en cualquier caso en cumplimiento de plazos legales de prescripci\u00f3n que le resulten de aplicaci\u00f3n.<\/p>\n<p>&nbsp;<\/p>\n<ol start=\"4\">\n<li>\n<h5><u> Cesiones<\/u><\/h5>\n<\/li>\n<\/ol>\n<p>No se tienen previstas cesiones de los datos personales de los Usuarios recabados a trav\u00e9s de este Sitio Web a ning\u00fan tercero sin una base jur\u00eddica que legitime este tratamiento.<\/p>\n<p>El Titular utiliza proveedores externos que utilizan Cookies para realizar estudios anal\u00edticos del uso y generaci\u00f3n de publicidad que puede ser comportamental. El Titular no tiene acceso a los datos generados por estas Cookies. El Usuario podr\u00e1 seleccionar qu\u00e9 Cookies se generar\u00e1n en este Sitio Web de forma previa, podr\u00e1 posteriormente gestionar sus decisiones y podr\u00e1 consultar la Pol\u00edtica de Cookies en todo momento.<\/p>\n<p>En relaci\u00f3n a la gesti\u00f3n de los servicios, los datos de los Usuarios podr\u00e1n ser tratados por empresas que presten al Titular diversos servicios, entre otros, de env\u00edo, mensajer\u00eda, contabilidad, asesor\u00eda, mantenimiento inform\u00e1tico, o cualquier otro que por su condici\u00f3n de Encargada del Tratamiento sea indispensable o inevitable que accedan o traten estos datos. Este tratamiento no ser\u00e1 considerado en ning\u00fan caso una cesi\u00f3n de datos.<\/p>\n<p>&nbsp;<\/p>\n<ol start=\"5\">\n<li>\n<h5><u> Derechos de los interesados<\/u><\/h5>\n<\/li>\n<\/ol>\n<p>El Usuario podr\u00e1 ejercitar sus derechos de acceso, rectificaci\u00f3n, supresi\u00f3n, oposici\u00f3n, limitaci\u00f3n del tratamiento, portabilidad de datos y a no ser objeto de decisiones individualizadas automatizadas (incluida la elaboraci\u00f3n de perfiles), enviando solicitud con asunto \u201cProtecci\u00f3n de Datos\u201d, a la direcci\u00f3n: C\/ Sa Coma, n\u00ba 2, 1\u00ba C. 07.500. Manacor. Islas Baleares, o por email a <a href=\"mailto:info@talat.es\">info@talat.es<\/a>, desde la misma cuenta que nos facilit\u00f3, indicando en todo caso, los datos de contacto. Si considera que sus derechos han sido vulnerados, puede presentar una reclamaci\u00f3n ante la Agencia Espa\u00f1ola de Protecci\u00f3n de Datos (<a href=\"http:\/\/www.aepd.es\">www.aepd.es<\/a>).<\/p>\n<p>&nbsp;<\/p>\n<ol start=\"6\">\n<li>\n<h5><u> Campos de texto libre <\/u><\/h5>\n<\/li>\n<\/ol>\n<p>Los campos de texto libre que, a disposici\u00f3n del Usuario, puedan aparecer en los formularios del Sitio Web tienen como \u00fanica y exclusiva finalidad el recabar informaci\u00f3n para mejorar la calidad de los Servicios.<\/p>\n<p>El Usuario no incluir\u00e1, en aquellos espacios que el Sitio Web pueda ofertar como \u00abcampos de texto libre\u00bb, ning\u00fan dato de car\u00e1cter personal que pueda ser calificado dentro de aquellos datos para los que se exige un nivel de protecci\u00f3n especial, entendi\u00e9ndose como tales datos, a t\u00edtulo enunciativo y no limitativo, los relativos a situaci\u00f3n econ\u00f3mico-financiera, perfiles psicol\u00f3gicos, ideolog\u00eda, religi\u00f3n, creencias, afiliaci\u00f3n sindical, salud, origen racial y\/o vida sexual.<\/p>\n<p>&nbsp;<\/p>\n<ol start=\"7\">\n<li>\n<h5><u> Campos no obligatorios<\/u><\/h5>\n<\/li>\n<\/ol>\n<p>El Titular comunica al Usuario el car\u00e1cter no obligatorio de la recogida de algunos datos, salvo en los campos que se indique lo contrario mediante un (*). No obstante, la no cumplimentaci\u00f3n de dichos datos podr\u00e1 impedir prestar todos aquellos Servicios vinculados a tales datos, liber\u00e1ndole de toda responsabilidad por la no prestaci\u00f3n o prestaci\u00f3n incompleta de estos Servicios.<\/p>\n<p>&nbsp;<\/p>\n<ol start=\"8\">\n<li>\n<h5><u> Acceso y rectificaci\u00f3n de los datos personales<\/u><\/h5>\n<\/li>\n<\/ol>\n<p>El Usuario se compromete a proporcionar informaci\u00f3n cierta en relaci\u00f3n con sus datos personales, y mantener los datos facilitados al Titular siempre actualizados. El Usuario responder\u00e1, en cualquier caso, de la veracidad de los datos facilitados, reserv\u00e1ndose el Titular el derecho de excluir de los servicios a todo Usuario que haya facilitado datos falsos, sin perjuicio de las dem\u00e1s acciones que procedan en Derecho. Los datos facilitados por el Usuario se presumir\u00e1n correctos, por lo que, en caso de env\u00edo err\u00f3neo de sus datos por parte del Usuario, el Titular, declina cualquier responsabilidad en caso de la incorrecta ejecuci\u00f3n o no ejecuci\u00f3n del env\u00edo, as\u00ed como el incorrecto cumplimiento de los tr\u00e1mites administrativos necesarios.<\/p>\n<p>&nbsp;<\/p>\n<ol start=\"9\">\n<li>\n<h5><u> Confidencialidad<\/u><\/h5>\n<\/li>\n<\/ol>\n<p>Adem\u00e1s, tambi\u00e9n tendr\u00e1 la condici\u00f3n de confidencial la informaci\u00f3n de cualquier tipo que las partes intercambien entre s\u00ed, aquella que \u00e9stas acuerden que tiene tal naturaleza, o la que simplemente verse sobre el contenido de dicha informaci\u00f3n. La visualizaci\u00f3n de datos a trav\u00e9s de Internet, no supondr\u00e1 el acceso directo a los mismos, salvo consentimiento expreso de su titular para cada ocasi\u00f3n.<\/p>\n<p>&nbsp;<\/p>\n<ol start=\"10\">\n<li>\n<h5><u> Fotograf\u00edas<\/u><\/h5>\n<\/li>\n<\/ol>\n<p>En cumplimiento de lo establecido en la actual normativa de Protecci\u00f3n de Datos de Car\u00e1cter Personal se informa que las fotograf\u00edas en las que aparezcan personas tienen consideraci\u00f3n de dato de car\u00e1cter personal. Con esta comunicaci\u00f3n se informa que en este Sitio Web pueden aparecer fotograf\u00edas de personas con motivos de promoci\u00f3n y que voluntariamente han accedido a ello. Si en alg\u00fan caso, cualquier persona que aparezca en ellas desea que no se muestre alguna fotograf\u00eda, rogamos se pongan en contacto y se proceder\u00e1 a su retirada a la mayor brevedad posible. No ser\u00e1 v\u00e1lido para las personas que han prestado un servicio de forma profesional.<\/p>\n","protected":false},"excerpt":{"rendered":"<p>&nbsp; El Titular se compromete a cumplir con la normativa en materia de Protecci\u00f3n de Datos de car\u00e1cter personal y a respetar la privacidad de los Usuarios. El objetivo es ofrecer el mejor servicio al Usuario y para ello es necesario tratar sus datos personales. El Usuario s\u00f3lo podr\u00e1 incluir datos personales propios, y en [&hellip;]<\/p>\n","protected":false},"author":1,"featured_media":0,"parent":0,"menu_order":0,"comment_status":"closed","ping_status":"closed","template":"","meta":{"footnotes":""},"class_list":["post-854","page","type-page","status-publish","hentry"],"acf":[],"_links":{"self":[{"href":"https:\/\/talat.es\/es\/wp-json\/wp\/v2\/pages\/854","targetHints":{"allow":["GET"]}}],"collection":[{"href":"https:\/\/talat.es\/es\/wp-json\/wp\/v2\/pages"}],"about":[{"href":"https:\/\/talat.es\/es\/wp-json\/wp\/v2\/types\/page"}],"author":[{"embeddable":true,"href":"https:\/\/talat.es\/es\/wp-json\/wp\/v2\/users\/1"}],"replies":[{"embeddable":true,"href":"https:\/\/talat.es\/es\/wp-json\/wp\/v2\/comments?post=854"}],"version-history":[{"count":4,"href":"https:\/\/talat.es\/es\/wp-json\/wp\/v2\/pages\/854\/revisions"}],"predecessor-version":[{"id":1848,"href":"https:\/\/talat.es\/es\/wp-json\/wp\/v2\/pages\/854\/revisions\/1848"}],"wp:attachment":[{"href":"https:\/\/talat.es\/es\/wp-json\/wp\/v2\/media?parent=854"}],"curies":[{"name":"wp","href":"https:\/\/api.w.org\/{rel}","templated":true}]}}