{"id":1867,"date":"2026-03-24T09:55:09","date_gmt":"2026-03-24T09:55:09","guid":{"rendered":"https:\/\/talat.es\/?page_id=1867"},"modified":"2026-04-07T09:04:01","modified_gmt":"2026-04-07T09:04:01","slug":"politica-de-calidad-y-medio-ambiente","status":"publish","type":"page","link":"https:\/\/talat.es\/es\/politica-de-calidad-y-medio-ambiente\/","title":{"rendered":"Pol\u00edtica de Calidad &#038; Medio Ambiente"},"content":{"rendered":"<h1><\/h1>\n<h1>Servicio de ingenier\u00eda, PM, Instalaciones y software factory<\/h1>\n<hr \/>\n<p>TALAT es una organizaci\u00f3n con cuatro l\u00edneas de negocio: Ingenier\u00eda, Project Management, Instalaciones y Software Factory con sede central en el municipio de Manacor.<\/p>\n<p>La Direcci\u00f3n de TALAT manifiesta su compromiso con la calidad y el respeto al medio ambiente en la<br \/>\npresente pol\u00edtica.<\/p>\n<p>De tal forma que se comprometen a:<\/p>\n<ul>\n<li>Cumplir con todos los requisitos del sistema de gesti\u00f3n, del cliente y de las partes interesadas.<\/li>\n<li>Asignar los recursos necesarios, siempre que sea posible, para conseguir la mejora continua del<br \/>\nsistema de gesti\u00f3n, haci\u00e9ndolo de cada d\u00eda m\u00e1s eficaz.<\/li>\n<li>Asegurar constantemente la plena satisfacci\u00f3n del cliente, potenciando al m\u00e1ximo la calidad de<br \/>\nlos servicios prestados, al tiempo que procuramos no da\u00f1ar el medio ambiente.<\/li>\n<li>Promover la informaci\u00f3n ambiental a todas las personas, empresas y organismos incluidos en las<br \/>\ncuatro l\u00edneas de negocio, sin olvidar a los clientes, proporcionando la formaci\u00f3n adecuada los<br \/>\ntrabajadores.<\/li>\n<li>Aplicar las medidas a su alcance para garantizar la protecci\u00f3n del medio ambiente, incluida la<br \/>\nprevenci\u00f3n de la contaminaci\u00f3n que pueda causar la actividad, otros compromisos espec\u00edficos<br \/>\npertinentes al contexto de TALAT as\u00ed como tambi\u00e9n los medios para actuar en caso de<br \/>\nemergencia ambiental.<\/li>\n<li>Involucrar a todas las empresas y administraciones a quien subcontratamos su servicio en el<br \/>\nSistema de Gesti\u00f3n, con el objetivo de motivarlos para implantar si propio sistema y asegurar<br \/>\nuna correcta gesti\u00f3n de residuos.<\/li>\n<li>Garantizar el cumplimiento de los requisitos legales que son de aplicaci\u00f3n a la actividad<br \/>\ndesarrollada, as\u00ed como otros requisitos que se establezcan.<\/li>\n<\/ul>\n<p>Revisar continuamente y actualizar esta pol\u00edtica, que ser\u00e1 el marco de referencia para el<br \/>\nestablecimiento de los objetivos y metas del sistema de gesti\u00f3n de calidad y medio ambiente de<br \/>\nTALAT.<\/p>\n<p>Difundir esta pol\u00edtica de calidad y medio ambiente entre los trabajadores, colaboradores y<br \/>\nclientes, as\u00ed como procurar su comprensi\u00f3n y aplicaci\u00f3n dentro de la organizaci\u00f3n.<\/p>\n<p>Aplicando esta pol\u00edtica de gesti\u00f3n TALAT procura asegurar la satisfacci\u00f3n del cliente y prestar un servicio de calidad a los usuarios de las cuatro l\u00edneas de negocio, al tiempo que garantiza la minimizaci\u00f3n de los<br \/>\nimpactos que pueda causar sobre el medio ambiente.<\/p>\n<p><em>Manacor, 14 de diciembre de 2021<\/em><\/p>\n<p>Firmado por:<\/p>\n<p>Guillem Bau\u00e7\u00e0,<br \/>\nDirector<\/p>\n<p>&nbsp;<\/p>\n<p><a href=\"https:\/\/talat.es\/es\/indicadores-ambientales-2024-2025\/?preview_id=1870&amp;preview_nonce=ebd59ff675&amp;_thumbnail_id=-1&amp;preview=true\">Indicadores Ambientales 2024-2025<\/a><\/p>\n<p>&nbsp;<\/p>\n","protected":false},"excerpt":{"rendered":"<p>Servicio de ingenier\u00eda, PM, Instalaciones y software factory TALAT es una organizaci\u00f3n con cuatro l\u00edneas de negocio: Ingenier\u00eda, Project Management, Instalaciones y Software Factory con sede central en el municipio de Manacor. La Direcci\u00f3n de TALAT manifiesta su compromiso con la calidad y el respeto al medio ambiente en la presente pol\u00edtica. De tal forma [&hellip;]<\/p>\n","protected":false},"author":4,"featured_media":0,"parent":0,"menu_order":0,"comment_status":"closed","ping_status":"closed","template":"","meta":{"footnotes":""},"class_list":["post-1867","page","type-page","status-publish","hentry"],"acf":[],"_links":{"self":[{"href":"https:\/\/talat.es\/es\/wp-json\/wp\/v2\/pages\/1867","targetHints":{"allow":["GET"]}}],"collection":[{"href":"https:\/\/talat.es\/es\/wp-json\/wp\/v2\/pages"}],"about":[{"href":"https:\/\/talat.es\/es\/wp-json\/wp\/v2\/types\/page"}],"author":[{"embeddable":true,"href":"https:\/\/talat.es\/es\/wp-json\/wp\/v2\/users\/4"}],"replies":[{"embeddable":true,"href":"https:\/\/talat.es\/es\/wp-json\/wp\/v2\/comments?post=1867"}],"version-history":[{"count":9,"href":"https:\/\/talat.es\/es\/wp-json\/wp\/v2\/pages\/1867\/revisions"}],"predecessor-version":[{"id":1882,"href":"https:\/\/talat.es\/es\/wp-json\/wp\/v2\/pages\/1867\/revisions\/1882"}],"wp:attachment":[{"href":"https:\/\/talat.es\/es\/wp-json\/wp\/v2\/media?parent=1867"}],"curies":[{"name":"wp","href":"https:\/\/api.w.org\/{rel}","templated":true}]}}