{"id":1334,"date":"2025-11-27T13:53:26","date_gmt":"2025-11-27T13:53:26","guid":{"rendered":"https:\/\/talat.es\/cookies\/"},"modified":"2026-02-06T09:12:43","modified_gmt":"2026-02-06T09:12:43","slug":"cookies","status":"publish","type":"page","link":"https:\/\/talat.es\/es\/cookies\/","title":{"rendered":"Cookies"},"content":{"rendered":"<p><strong>Definici\u00f3n y funciones de las cookies.<\/strong><\/p>\n<p>Una cookie es un archivo que se descarga en el ordenador del Usuario al acceder a determinados sitios web. Las cookies permiten al sitio web, entre otras cosas, almacenar y recuperar informaci\u00f3n sobre los h\u00e1bitos de navegaci\u00f3n del Usuario o de su equipo y, dependiendo de la informaci\u00f3n que contengan y de la forma en que utilice su equipo, pueden servir para reconocer al Usuario.<\/p>\n<h3 data-start=\"170\" data-end=\"233\">2. Tipos de cookies que pueden utilizarse en este Sitio Web<\/h3>\n<ul data-start=\"235\" data-end=\"2740\">\n<li data-start=\"235\" data-end=\"436\">\n<p data-start=\"237\" data-end=\"436\"><strong data-start=\"237\" data-end=\"256\">Cookies propias<\/strong>: Son aquellas que se env\u00edan al equipo terminal del Usuario desde un ordenador o dominio gestionado por el Titular y desde el que se presta el servicio solicitado por el Usuario.<\/p>\n<\/li>\n<li data-start=\"437\" data-end=\"666\">\n<p data-start=\"439\" data-end=\"666\"><strong data-start=\"439\" data-end=\"462\">Cookies de terceros<\/strong>: Son aquellas que se env\u00edan al equipo terminal del Usuario desde un ordenador o dominio que no es gestionado por el Titular, sino por otra entidad que trata los datos obtenidos a trav\u00e9s de las cookies.<\/p>\n<\/li>\n<li data-start=\"667\" data-end=\"802\">\n<p data-start=\"669\" data-end=\"802\"><strong data-start=\"669\" data-end=\"690\">Cookies de sesi\u00f3n<\/strong>: Son un tipo de cookies dise\u00f1adas para recabar y almacenar datos mientras el Usuario accede a una p\u00e1gina web.<\/p>\n<\/li>\n<li data-start=\"803\" data-end=\"1053\">\n<p data-start=\"805\" data-end=\"1053\"><strong data-start=\"805\" data-end=\"829\">Cookies persistentes<\/strong>: Son un tipo de cookies en las que los datos permanecen almacenados en el terminal y pueden ser accedidos y tratados durante un periodo definido por el responsable de la cookie, que puede ir de unos minutos a varios a\u00f1os.<\/p>\n<\/li>\n<li data-start=\"1054\" data-end=\"1385\">\n<p data-start=\"1056\" data-end=\"1385\"><strong data-start=\"1056\" data-end=\"1079\">Cookies de an\u00e1lisis<\/strong>: Son aquellas que, bien tratadas por el Titular o por terceros, permiten cuantificar el n\u00famero de usuarios y as\u00ed realizar la medici\u00f3n y an\u00e1lisis estad\u00edstico del uso que hacen los usuarios del servicio ofrecido. Para ello se analiza su navegaci\u00f3n con el fin de mejorar la oferta de productos o servicios.<\/p>\n<\/li>\n<li data-start=\"1386\" data-end=\"1742\">\n<p data-start=\"1388\" data-end=\"1742\"><strong data-start=\"1388\" data-end=\"1413\">Cookies publicitarias<\/strong>: Son aquellas que permiten la gesti\u00f3n, de la forma m\u00e1s eficaz posible, de los espacios publicitarios que, en su caso, el Titular haya incluido en el Sitio Web, aplicaci\u00f3n o plataforma desde la que presta el servicio solicitado, en base a criterios como el contenido editado o la frecuencia con la que se muestran los anuncios.<\/p>\n<\/li>\n<li data-start=\"1743\" data-end=\"2740\">\n<p data-start=\"1745\" data-end=\"2740\"><strong data-start=\"1745\" data-end=\"1785\">Cookies de publicidad comportamental<\/strong>: Son aquellas que permiten la gesti\u00f3n, de la forma m\u00e1s eficaz posible, de los espacios publicitarios que, en su caso, el Titular haya incluido en el Sitio Web, aplicaci\u00f3n o plataforma desde la que se presta el servicio solicitado. Estas cookies almacenan informaci\u00f3n del comportamiento de los Usuarios obtenida a trav\u00e9s de la observaci\u00f3n continuada de sus h\u00e1bitos de navegaci\u00f3n, lo que permite desarrollar un perfil espec\u00edfico para mostrar publicidad en funci\u00f3n del mismo. Asimismo, es posible que al visitar una p\u00e1gina web o al abrir un correo electr\u00f3nico en el que se publique alg\u00fan anuncio o promoci\u00f3n sobre los productos o servicios ofrecidos, se instale una cookie en el navegador que sirva para mostrar posteriormente publicidad relacionada con la b\u00fasqueda realizada, as\u00ed como para desarrollar un control de los anuncios en relaci\u00f3n, por ejemplo, con el n\u00famero de veces que se visualizan, el lugar donde aparecen, la hora a la que se muestran, etc.<\/p>\n<\/li>\n<\/ul>\n<hr data-start=\"2742\" data-end=\"2745\" \/>\n<h3 data-start=\"2747\" data-end=\"2789\">3. Revocaci\u00f3n y eliminaci\u00f3n de cookies<\/h3>\n<p data-start=\"2791\" data-end=\"3253\">El Usuario puede permitir, bloquear o eliminar las cookies instaladas en su equipo mediante la configuraci\u00f3n de las opciones del navegador instalado. En caso de no permitir la instalaci\u00f3n de cookies en su navegador, es posible que no pueda acceder a algunas secciones del Sitio Web.<br data-start=\"3073\" data-end=\"3076\" \/>La informaci\u00f3n sobre c\u00f3mo configurar las cookies seg\u00fan el navegador utilizado puede encontrarse en los siguientes enlaces (enlaces v\u00e1lidos en la fecha de edici\u00f3n de este texto):<\/p>\n<ul data-start=\"3255\" data-end=\"4168\">\n<li data-start=\"3255\" data-end=\"3435\">\n<p data-start=\"3257\" data-end=\"3435\">Para m\u00e1s informaci\u00f3n sobre c\u00f3mo bloquear el uso de cookies en <strong data-start=\"3319\" data-end=\"3340\">Internet Explorer<\/strong><br data-start=\"3340\" data-end=\"3343\" \/><a class=\"decorated-link\" href=\"http:\/\/windows.microsoft.com\/es-es\/windows7\/how-to-manage-cookies-in-internet-explorer-9\" target=\"_new\" rel=\"noopener\" data-start=\"3345\" data-end=\"3433\">http:\/\/windows.microsoft.com\/es-es\/windows7\/how-to-manage-cookies-in-internet-explorer-9<\/a><\/p>\n<\/li>\n<li data-start=\"3436\" data-end=\"3582\">\n<p data-start=\"3438\" data-end=\"3582\">Para m\u00e1s informaci\u00f3n sobre c\u00f3mo bloquear el uso de cookies en <strong data-start=\"3500\" data-end=\"3510\">Chrome<\/strong><br data-start=\"3510\" data-end=\"3513\" \/><a class=\"decorated-link\" href=\"http:\/\/support.google.com\/chrome\/bin\/answer.py?hl=es&amp;answer=95647\" target=\"_new\" rel=\"noopener\" data-start=\"3515\" data-end=\"3580\">http:\/\/support.google.com\/chrome\/bin\/answer.py?hl=es&amp;answer=95647<\/a><\/p>\n<\/li>\n<li data-start=\"3583\" data-end=\"3748\">\n<p data-start=\"3585\" data-end=\"3748\">Para m\u00e1s informaci\u00f3n sobre c\u00f3mo bloquear el uso de cookies en <strong data-start=\"3647\" data-end=\"3658\">Firefox<\/strong><br data-start=\"3658\" data-end=\"3661\" \/><a class=\"decorated-link\" href=\"http:\/\/support.mozilla.org\/es\/kb\/habilitar-y-deshabilitar-cookies-que-los-sitios-we\" target=\"_new\" rel=\"noopener\" data-start=\"3663\" data-end=\"3746\">http:\/\/support.mozilla.org\/es\/kb\/habilitar-y-deshabilitar-cookies-que-los-sitios-we<\/a><\/p>\n<\/li>\n<li data-start=\"3749\" data-end=\"3864\">\n<p data-start=\"3751\" data-end=\"3864\">Para m\u00e1s informaci\u00f3n sobre c\u00f3mo bloquear el uso de cookies en <strong data-start=\"3813\" data-end=\"3823\">Safari<\/strong><br data-start=\"3823\" data-end=\"3826\" \/><a class=\"decorated-link\" href=\"http:\/\/support.apple.com\/kb\/ph5042\" target=\"_new\" rel=\"noopener\" data-start=\"3828\" data-end=\"3862\">http:\/\/support.apple.com\/kb\/ph5042<\/a><\/p>\n<\/li>\n<li data-start=\"3865\" data-end=\"3987\">\n<p data-start=\"3867\" data-end=\"3987\">Para m\u00e1s informaci\u00f3n sobre c\u00f3mo bloquear el uso de cookies en <strong data-start=\"3929\" data-end=\"3940\">Android<\/strong><br data-start=\"3940\" data-end=\"3943\" \/><a class=\"decorated-link\" href=\"http:\/\/support.google.com\/android\/?hl=es\" target=\"_new\" rel=\"noopener\" data-start=\"3945\" data-end=\"3985\">http:\/\/support.google.com\/android\/?hl=es<\/a><\/p>\n<\/li>\n<li data-start=\"3988\" data-end=\"4168\">\n<p data-start=\"3990\" data-end=\"4168\">Para m\u00e1s informaci\u00f3n sobre c\u00f3mo bloquear el uso de cookies en <strong data-start=\"4052\" data-end=\"4069\">Windows Phone<\/strong><br data-start=\"4069\" data-end=\"4072\" \/><a class=\"decorated-link\" href=\"http:\/\/www.windowsphone.com\/es-ES\/how-to\/wp7\/web\/changing-privacy-and-other-browser-settings\" target=\"_new\" rel=\"noopener\" data-start=\"4074\" data-end=\"4166\">http:\/\/www.windowsphone.com\/es-ES\/how-to\/wp7\/web\/changing-privacy-and-other-browser-settings<\/a><\/p>\n<\/li>\n<\/ul>\n<p data-start=\"4170\" data-end=\"4325\">El Titular no se hace responsable del contenido ni de la veracidad de las pol\u00edticas de privacidad de terceros incluidas en los enlaces de este Aviso Legal.<\/p>\n<h3 data-start=\"4332\" data-end=\"4375\">4. Proveedores de servicios de terceros<\/h3>\n<p data-start=\"4377\" data-end=\"4496\">Concretamente, los terceros con los que se ha gestionado alg\u00fan servicio para el que es necesario el uso de cookies son:<\/p>\n<figure class=\"wp-block-table\">\n<table>\n<tbody>\n<tr>\n<th scope=\"col\">Nombre del proveedor<\/th>\n<th scope=\"col\">Finalidad de la cookie<\/th>\n<th scope=\"col\">Descripci\u00f3n de la finalidad<\/th>\n<th scope=\"col\">M\u00e1s informaci\u00f3n<\/th>\n<\/tr>\n<tr>\n<td>Google Analytics<\/td>\n<td>Web Analytics<\/td>\n<td>Estad\u00edsticas de visitas al Sitio Web<\/td>\n<td><strong><a href=\"http:\/\/www.google.es\/intl\/es\/analytics\/\">http:\/\/www.google.es\/intl\/es\/analytics\/<\/a><\/strong><\/td>\n<\/tr>\n<tr>\n<td>Google<br \/>\nDoubleClick<\/td>\n<td>Advertising<\/td>\n<td>Gesti\u00f3n de publicidad en el sitio Web<\/td>\n<td><strong><a href=\"http:\/\/www.google.com\/doubleclick\/\">http:\/\/www.google.com\/doubleclick\/<\/a><\/strong><\/td>\n<\/tr>\n<tr>\n<td>Twitter Button<\/td>\n<td>Widgets, Social<\/td>\n<td>Herramienta para compartir contenidos con otros usuarios de la red social desde otros sitios web<\/td>\n<td><strong><a href=\"http:\/\/twitter.com\/about\">http:\/\/twitter.com\/about<\/a><\/strong><\/td>\n<\/tr>\n<tr>\n<td>Syndication<\/td>\n<td>Widget, Social<\/td>\n<td>Herramienta para compartir contenidos con otros usuarios de la red social desde otros sitios web<\/td>\n<td><strong><a href=\"https:\/\/twitter.com\/\">https:\/\/twitter.com\/<\/a><\/strong><\/td>\n<\/tr>\n<\/tbody>\n<\/table>\n<\/figure>\n<p>El Titular declina cualquier responsabilidad sobre el contenido y la exactitud de la informaci\u00f3n y las pol\u00edticas de privacidad relativas a cookies de terceros.<br data-start=\"5401\" data-end=\"5404\" \/>Para m\u00e1s informaci\u00f3n sobre el uso de cookies en este Sitio Web, el Usuario puede solicitarla a trav\u00e9s del formulario de contacto o en <strong data-start=\"5538\" data-end=\"5555\"><a class=\"decorated-link cursor-pointer\" rel=\"noopener\" data-start=\"5540\" data-end=\"5553\">info@talat.es<\/a><\/strong>.<br data-start=\"5556\" data-end=\"5559\" \/>Esta pol\u00edtica fue modificada el <strong data-start=\"5591\" data-end=\"5615\">9 de octubre de 2018<\/strong>.<\/p>\n<div class=\"flex flex-col text-sm pb-25\">\n<article class=\"text-token-text-primary w-full focus:outline-none [--shadow-height:45px] has-data-writing-block:pointer-events-none has-data-writing-block:-mt-(--shadow-height) has-data-writing-block:pt-(--shadow-height) [&amp;:has([data-writing-block])&gt;*]:pointer-events-auto [content-visibility:auto] supports-[content-visibility:auto]:[contain-intrinsic-size:auto_100lvh] scroll-mt-[calc(var(--header-height)+min(200px,max(70px,20svh)))]\" dir=\"auto\" tabindex=\"-1\" data-turn-id=\"d32181b4-ce7e-4731-8e43-04e762307fbb\" data-testid=\"conversation-turn-2\" data-scroll-anchor=\"true\" data-turn=\"assistant\">\n<div class=\"text-base my-auto mx-auto pb-10 [--thread-content-margin:--spacing(4)] @w-sm\/main:[--thread-content-margin:--spacing(6)] @w-lg\/main:[--thread-content-margin:--spacing(16)] px-(--thread-content-margin)\">\n<div class=\"[--thread-content-max-width:40rem] @w-lg\/main:[--thread-content-max-width:48rem] mx-auto max-w-(--thread-content-max-width) flex-1 group\/turn-messages focus-visible:outline-hidden relative flex w-full min-w-0 flex-col agent-turn\" tabindex=\"-1\">\n<div class=\"flex max-w-full flex-col grow\">\n<div class=\"min-h-8 text-message relative flex w-full flex-col items-end gap-2 text-start break-words whitespace-normal [.text-message+&amp;]:mt-1\" dir=\"auto\" data-message-author-role=\"assistant\" data-message-id=\"417f234a-abc0-4d5a-af12-d29201b14a85\" data-message-model-slug=\"gpt-5-2\">\n<div class=\"flex w-full flex-col gap-1 empty:hidden first:pt-[1px]\">\n<div class=\"markdown prose dark:prose-invert w-full wrap-break-word light markdown-new-styling\">\n<h3 data-start=\"5623\" data-end=\"5662\">5. Anal\u00edtica web \u2013 Google Analytics<\/h3>\n<p data-start=\"5664\" data-end=\"6117\">Este Sitio Web puede utilizar Google Analytics, una herramienta de anal\u00edtica web prestada por Google, Inc., con domicilio social en 1600 Amphitheatre Parkway, Mountain View (California), CA 94043, Estados Unidos (\u00abGoogle\u00bb). Esta herramienta permite al Titular conocer el grado de implicaci\u00f3n de los Usuarios con el Sitio Web, pudiendo consultar diversos informes que describen c\u00f3mo interact\u00faan los Usuarios con el mismo, con la finalidad de mejorarlo.<\/p>\n<p data-start=\"6119\" data-end=\"6633\">Google Analytics recopila informaci\u00f3n de forma an\u00f3nima, es decir, informa de las tendencias del Sitio Web sin identificar a los usuarios. Google Analytics utiliza cookies propias, que son archivos de texto ubicados en su ordenador, para realizar el seguimiento de las interacciones de los Usuarios en el Sitio Web. Estas cookies se utilizan para almacenar informaci\u00f3n como, por ejemplo, la hora de la visita, si el Usuario ha estado antes en el sitio y qu\u00e9 sitio ha recomendado al Usuario visitar este Sitio Web.<\/p>\n<p data-start=\"6635\" data-end=\"7046\">Los navegadores no comparten cookies propias entre dominios. A todos los ordenadores y dispositivos conectados a Internet se les asigna un n\u00famero \u00fanico conocido como \u00abdirecci\u00f3n de Protocolo de Internet\u00bb o \u00abdirecci\u00f3n IP\u00bb. Dado que estos n\u00fameros suelen asignarse por pa\u00edses, las direcciones IP se utilizan a menudo para identificar el pa\u00eds, la regi\u00f3n y la ciudad desde la que el ordenador se conecta a Internet.<\/p>\n<p data-start=\"7048\" data-end=\"7337\">Google Analytics registra la direcci\u00f3n IP de los Usuarios que visitan el Sitio Web para que el Titular pueda conocer desde qu\u00e9 puntos del planeta se visita el sitio. Este m\u00e9todo se denomina \u00abgeolocalizaci\u00f3n por IP\u00bb. Google Analytics no proporciona informaci\u00f3n sobre la direcci\u00f3n IP real.<\/p>\n<p data-start=\"7339\" data-end=\"7652\">Las condiciones del servicio de Google Analytics proh\u00edben el seguimiento o la recopilaci\u00f3n de informaci\u00f3n de identificaci\u00f3n personal (como nombre, direcci\u00f3n de correo electr\u00f3nico o datos de facturaci\u00f3n) a trav\u00e9s de Google Analytics, as\u00ed como la asociaci\u00f3n de informaci\u00f3n personal con los datos de anal\u00edtica web.<\/p>\n<p data-start=\"7654\" data-end=\"7921\">El interesado puede controlar la informaci\u00f3n que Google puede utilizar y decidir si permite o no que Google use estos datos mediante las opciones de uso compartido de datos de Google Analytics. Los datos se utilizan para mejorar los productos y servicios de Google.<\/p>\n<p data-start=\"7923\" data-end=\"8362\">Para ofrecer a los Usuarios m\u00e1s opciones sobre c\u00f3mo Google Analytics recopila sus datos, se ha creado el complemento de inhabilitaci\u00f3n para navegadores de Google Analytics. Este complemento indica al c\u00f3digo JavaScript de Google Analytics (ga.js) que no se env\u00ede informaci\u00f3n sobre la visita al sitio web a Google Analytics. No obstante, esto no impide que la informaci\u00f3n se env\u00ede al propio Sitio Web ni a otros servicios de anal\u00edtica web.<\/p>\n<p data-start=\"8364\" data-end=\"8662\">El Usuario puede rechazar el tratamiento de los datos o la informaci\u00f3n rechazando el uso de cookies mediante la selecci\u00f3n de la configuraci\u00f3n adecuada de su navegador. Sin embargo, debe tener en cuenta que, si lo hace, es posible que no pueda utilizar todas las funcionalidades de este Sitio Web.<\/p>\n<p data-start=\"8664\" data-end=\"9000\">Al utilizar este Sitio Web, el Usuario consiente el tratamiento de su informaci\u00f3n por parte de Google y del Titular en la forma y para los fines anteriormente indicados. Para m\u00e1s informaci\u00f3n sobre esta herramienta y la pol\u00edtica de privacidad de Google, se recomienda visitar el siguiente enlace:<br data-start=\"8959\" data-end=\"8962\" \/><a class=\"decorated-link\" href=\"http:\/\/www.google.es\/intl\/es\/policies\/\" target=\"_new\" rel=\"noopener\" data-start=\"8962\" data-end=\"9000\">http:\/\/www.google.es\/intl\/es\/policies\/<\/a><\/p>\n<\/div>\n<\/div>\n<\/div>\n<\/div>\n<div class=\"z-0 flex min-h-[46px] justify-start\"><\/div>\n<div class=\"mt-3 w-full empty:hidden\">\n<div class=\"text-center\"><\/div>\n<\/div>\n<\/div>\n<\/div>\n<\/article>\n<\/div>\n<div class=\"pointer-events-none h-px w-px absolute bottom-0\" aria-hidden=\"true\" data-edge=\"true\"><\/div>\n","protected":false},"excerpt":{"rendered":"<p>Definici\u00f3n y funciones de las cookies. Una cookie es un archivo que se descarga en el ordenador del Usuario al acceder a determinados sitios web. Las cookies permiten al sitio web, entre otras cosas, almacenar y recuperar informaci\u00f3n sobre los h\u00e1bitos de navegaci\u00f3n del Usuario o de su equipo y, dependiendo de la informaci\u00f3n que [&hellip;]<\/p>\n","protected":false},"author":1,"featured_media":0,"parent":0,"menu_order":0,"comment_status":"closed","ping_status":"closed","template":"","meta":{"footnotes":""},"class_list":["post-1334","page","type-page","status-publish","hentry"],"acf":[],"_links":{"self":[{"href":"https:\/\/talat.es\/es\/wp-json\/wp\/v2\/pages\/1334","targetHints":{"allow":["GET"]}}],"collection":[{"href":"https:\/\/talat.es\/es\/wp-json\/wp\/v2\/pages"}],"about":[{"href":"https:\/\/talat.es\/es\/wp-json\/wp\/v2\/types\/page"}],"author":[{"embeddable":true,"href":"https:\/\/talat.es\/es\/wp-json\/wp\/v2\/users\/1"}],"replies":[{"embeddable":true,"href":"https:\/\/talat.es\/es\/wp-json\/wp\/v2\/comments?post=1334"}],"version-history":[{"count":3,"href":"https:\/\/talat.es\/es\/wp-json\/wp\/v2\/pages\/1334\/revisions"}],"predecessor-version":[{"id":1665,"href":"https:\/\/talat.es\/es\/wp-json\/wp\/v2\/pages\/1334\/revisions\/1665"}],"wp:attachment":[{"href":"https:\/\/talat.es\/es\/wp-json\/wp\/v2\/media?parent=1334"}],"curies":[{"name":"wp","href":"https:\/\/api.w.org\/{rel}","templated":true}]}}